{"id":3177,"date":"2025-01-03T09:17:31","date_gmt":"2025-01-03T09:17:31","guid":{"rendered":"https:\/\/dongminh.vn\/?page_id=3177"},"modified":"2025-06-06T09:01:54","modified_gmt":"2025-06-06T09:01:54","slug":"about-us","status":"publish","type":"page","link":"https:\/\/www.dongminh.vn\/en\/about-us\/","title":{"rendered":"About us"},"content":{"rendered":"\n\t<section class=\"section\" id=\"section_1131466480\">\n\t\t<div class=\"section-bg fill\" >\n\t\t\t\t\t\t\t\t\t\n\t\t\t\n\n\t\t<\/div>\n\n\t\t\n\n\t\t<div class=\"section-content relative\">\n\t\t\t\n\t<div id=\"gap-989393432\" class=\"gap-element clearfix\" style=\"display:block; height:auto;\">\n\t\t\n<style>\n#gap-989393432 {\n  padding-top: 40px;\n}\n<\/style>\n\t<\/div>\n\t\n<div class=\"row align-middle\"  id=\"row-1635935051\">\n\n\t<div id=\"col-1258498363\" class=\"col pageAboutInfo medium-5 small-12 large-5\"  >\n\t\t\t\t<div class=\"col-inner\"  >\n\t\t\t\n\t\t\t\n<h2><span class=\"ez-toc-section\" id=\"ABOUT_US\"><\/span>ABOUT US<span class=\"ez-toc-section-end\"><\/span><\/h2>\n<p style=\"text-align: justify;\">Dong Minh Trading and Industrial Co., Ltd. is an enterprise specializing in manufacturing of automobiles, motorcycles, electric motorbikes, electric bicycles, consumer goods, import-export entrustment services, and warehouse rental services\u2026<\/p>\n<p data-start=\"262\" data-end=\"731\">Established in 1999, with a team of professional, qualified, and dedicated managers and staff, skilled engineers and workers, and many experienced consultants with strategic vision, Dong Minh applies modern technology in its production. The company has developed a wide range of products including motorcycles, electric motorbikes, electric bicycles, trucks, and specialized vehicles\u2014diverse in models and prices\u2014to meet the needs of a broad customer base.<\/p>\n<p data-start=\"733\" data-end=\"872\" data-is-last-node=\"\" data-is-only-node=\"\">Dong Minh continuously affirms its pioneering position in the field of importing and manufacturing road transportation vehicles in Vietnam.<\/p>\n\t\t<\/div>\n\t\t\t\t\t<\/div>\n\n\t\n\n\t<div id=\"col-277999983\" class=\"col medium-7 small-12 large-7\"  >\n\t\t\t\t<div class=\"col-inner text-right\"  >\n\t\t\t\n\t\t\t\n<div class=\"row\"  id=\"row-1208402077\">\n\n\t<div id=\"col-1751501885\" class=\"col pageAboutImg medium-11 small-12 large-11\"  >\n\t\t\t\t<div class=\"col-inner\"  >\n\t\t\t\n\t\t\t\n\t<div class=\"img has-hover x md-x lg-x y md-y lg-y\" id=\"image_1017483207\">\n\t\t\t\t\t\t\t\t<div class=\"img-inner dark\" >\n\t\t\t<img loading=\"lazy\" decoding=\"async\" width=\"717\" height=\"583\" src=\"https:\/\/www.dongminh.vn\/wp-content\/uploads\/2025\/02\/ap1.png\" class=\"attachment-original size-original\" alt=\"\" srcset=\"https:\/\/www.dongminh.vn\/wp-content\/uploads\/2025\/02\/ap1.png 717w, https:\/\/www.dongminh.vn\/wp-content\/uploads\/2025\/02\/ap1-492x400.png 492w, https:\/\/www.dongminh.vn\/wp-content\/uploads\/2025\/02\/ap1-600x488.png 600w\" sizes=\"auto, (max-width: 717px) 100vw, 717px\" \/>\t\t\t\t\t\t\n\t\t\t\t\t<\/div>\n\t\t\t\t\t\t\t\t\n<style>\n#image_1017483207 {\n  width: 100%;\n}\n<\/style>\n\t<\/div>\n\t\n<div class=\"video-button-wrapper\" ><a href=\"https:\/\/www.youtube.com\/watch?v=imfb0T7YGn4\" class=\"button open-video icon circle is-outline is-xlarge\"><i class=\"icon-play\" style=\"font-size:1.5em;\" ><\/i><\/a><\/div>\n\t\t<\/div>\n\t\t\t\t\t<\/div>\n\n\t\n<\/div>\n\t\t<\/div>\n\t\t\t\t\t<\/div>\n\n\t\n<\/div>\n\t<div id=\"gap-874381145\" class=\"gap-element clearfix\" style=\"display:block; height:auto;\">\n\t\t\n<style>\n#gap-874381145 {\n  padding-top: 0px;\n}\n<\/style>\n\t<\/div>\n\t\n\t\t<\/div>\n\n\t\t\n<style>\n#section_1131466480 {\n  padding-top: 0px;\n  padding-bottom: 0px;\n}\n<\/style>\n\t<\/section>\n\t\n\n\t<section class=\"section\" id=\"section_1882222770\">\n\t\t<div class=\"section-bg fill\" >\n\t\t\t\t\t\t\t\t\t\n\t\t\t\n\n\t\t<\/div>\n\n\t\t\n\n\t\t<div class=\"section-content relative\">\n\t\t\t\n\t<div id=\"gap-26328542\" class=\"gap-element clearfix\" style=\"display:block; height:auto;\">\n\t\t\n<style>\n#gap-26328542 {\n  padding-top: 40px;\n}\n<\/style>\n\t<\/div>\n\t\n<div class=\"row\"  id=\"row-748316729\">\n\n\t<div id=\"col-2013973190\" class=\"col aboutCol medium-4 small-12 large-4\"  >\n\t\t\t\t<div class=\"col-inner text-center\" style=\"background-color:rgb(241, 241, 241);\" >\n\t\t\t\n\t\t\t\n\t<div id=\"text-3088766732\" class=\"text\">\n\t\t\n<h2><span class=\"ez-toc-section\" id=\"Mission\"><\/span>Mission<span class=\"ez-toc-section-end\"><\/span><\/h2>\n\t\t\n<style>\n#text-3088766732 {\n  color: rgb(17, 41, 52);\n}\n#text-3088766732 > * {\n  color: rgb(17, 41, 52);\n}\n<\/style>\n\t<\/div>\n\t\n\t<div id=\"text-130000731\" class=\"text\">\n\t\t\n<p style=\"text-align: justify;\">Providing high-quality, safe 50cc motorbikes and electric scooters. Always listening to innovate and create in every stage of the nation&#8217;s development.<\/p>\n<ul>\n<li>Motorbikes, electric scooters, and electric bicycles by ALLY.<\/li>\n<li>A wide range of trucks and specialized automobiles.<\/li>\n<li>Motorbike and electric vehicle spare parts supplied to manufacturers, assemblers, and spare parts retailers (including frames, engines, plastic body kits, lighting systems, etc.).<\/li>\n<\/ul>\n\t\t\n<style>\n#text-130000731 {\n  text-align: left;\n}\n<\/style>\n\t<\/div>\n\t\n\t\t<\/div>\n\t\t\t\t\n<style>\n#col-2013973190 > .col-inner {\n  padding: 20px 20px 20px 20px;\n  border-radius: 20px;\n}\n<\/style>\n\t<\/div>\n\n\t\n\n\t<div id=\"col-2085728421\" class=\"col aboutCol medium-4 small-12 large-4\"  >\n\t\t\t\t<div class=\"col-inner text-center\" style=\"background-color:rgb(241, 241, 241);\" >\n\t\t\t\n\t\t\t\n\t<div id=\"text-553563162\" class=\"text\">\n\t\t\n<h2><span class=\"ez-toc-section\" id=\"Vision\"><\/span>Vision<span class=\"ez-toc-section-end\"><\/span><\/h2>\n\t\t\n<style>\n#text-553563162 {\n  color: rgb(17, 41, 52);\n}\n#text-553563162 > * {\n  color: rgb(17, 41, 52);\n}\n<\/style>\n\t<\/div>\n\t\n\t<div id=\"text-1955087802\" class=\"text\">\n\t\t\n<p style=\"text-align: justify;\">Dong Minh continues to lead the way in importing and manufacturing road transport vehicles in Vietnam, affirming its role as a pioneer in the industry.<\/p>\n\t\t\n<style>\n#text-1955087802 {\n  text-align: left;\n}\n<\/style>\n\t<\/div>\n\t\n\t\t<\/div>\n\t\t\t\t\n<style>\n#col-2085728421 > .col-inner {\n  padding: 20px 20px 20px 20px;\n  border-radius: 20px;\n}\n<\/style>\n\t<\/div>\n\n\t\n\n\t<div id=\"col-827925403\" class=\"col aboutCol medium-4 small-12 large-4\"  >\n\t\t\t\t<div class=\"col-inner text-center\" style=\"background-color:rgb(241, 241, 241);\" >\n\t\t\t\n\t\t\t\n\t<div id=\"text-241971943\" class=\"text\">\n\t\t\n<h2><span class=\"ez-toc-section\" id=\"Core_Values\"><\/span>Core Values<span class=\"ez-toc-section-end\"><\/span><\/h2>\n\t\t\n<style>\n#text-241971943 {\n  color: rgb(17, 41, 52);\n}\n#text-241971943 > * {\n  color: rgb(17, 41, 52);\n}\n<\/style>\n\t<\/div>\n\t\n\t<div id=\"gap-897921965\" class=\"gap-element clearfix\" style=\"display:block; height:auto;\">\n\t\t\n<style>\n#gap-897921965 {\n  padding-top: 30px;\n}\n<\/style>\n\t<\/div>\n\t\n<div class=\"row\"  id=\"row-1119135367\">\n\n\t<div id=\"col-1626784477\" class=\"col medium-6 small-6 large-6\"  >\n\t\t\t\t<div class=\"col-inner\"  >\n\t\t\t\n\t\t\t\n\n\t\t<div class=\"icon-box featured-box abIbox icon-box-center text-center\"  >\n\t\t\t\t\t<div class=\"icon-box-img\" style=\"width: 85px\">\n\t\t\t\t<div class=\"icon\">\n\t\t\t\t\t<div class=\"icon-inner\" >\n\t\t\t\t\t\t<img loading=\"lazy\" decoding=\"async\" width=\"85\" height=\"78\" src=\"https:\/\/www.dongminh.vn\/wp-content\/uploads\/2025\/02\/ag1.png\" class=\"attachment-medium size-medium\" alt=\"\" \/>\t\t\t\t\t<\/div>\n\t\t\t\t<\/div>\n\t\t\t<\/div>\n\t\t\t\t<div class=\"icon-box-text last-reset\">\n\t\t\t\t\t\t\t\t\t\n<h3><span class=\"ez-toc-section\" id=\"Responsibility\"><\/span>Responsibility<span class=\"ez-toc-section-end\"><\/span><\/h3>\n\t\t<\/div>\n\t<\/div>\n\t\n\t\n\t\t<\/div>\n\t\t\t\t\t<\/div>\n\n\t\n\n\t<div id=\"col-2094269668\" class=\"col medium-6 small-6 large-6\"  >\n\t\t\t\t<div class=\"col-inner\"  >\n\t\t\t\n\t\t\t\n\n\t\t<div class=\"icon-box featured-box abIbox icon-box-center text-center\"  >\n\t\t\t\t\t<div class=\"icon-box-img\" style=\"width: 85px\">\n\t\t\t\t<div class=\"icon\">\n\t\t\t\t\t<div class=\"icon-inner\" >\n\t\t\t\t\t\t<img loading=\"lazy\" decoding=\"async\" width=\"86\" height=\"78\" src=\"https:\/\/www.dongminh.vn\/wp-content\/uploads\/2025\/02\/ag2.png\" class=\"attachment-medium size-medium\" alt=\"\" \/>\t\t\t\t\t<\/div>\n\t\t\t\t<\/div>\n\t\t\t<\/div>\n\t\t\t\t<div class=\"icon-box-text last-reset\">\n\t\t\t\t\t\t\t\t\t\n<h3><span class=\"ez-toc-section\" id=\"Development\"><\/span>Development<span class=\"ez-toc-section-end\"><\/span><\/h3>\n\t\t<\/div>\n\t<\/div>\n\t\n\t\n\t\t<\/div>\n\t\t\t\t\t<\/div>\n\n\t\n<\/div>\n\t<div id=\"gap-708597876\" class=\"gap-element clearfix\" style=\"display:block; height:auto;\">\n\t\t\n<style>\n#gap-708597876 {\n  padding-top: 30px;\n}\n<\/style>\n\t<\/div>\n\t\n<div class=\"row\"  id=\"row-1260632976\">\n\n\t<div id=\"col-1506476542\" class=\"col medium-6 small-6 large-6\"  >\n\t\t\t\t<div class=\"col-inner\"  >\n\t\t\t\n\t\t\t\n\n\t\t<div class=\"icon-box featured-box abIbox icon-box-center text-center\"  >\n\t\t\t\t\t<div class=\"icon-box-img\" style=\"width: 85px\">\n\t\t\t\t<div class=\"icon\">\n\t\t\t\t\t<div class=\"icon-inner\" >\n\t\t\t\t\t\t<img loading=\"lazy\" decoding=\"async\" width=\"85\" height=\"78\" src=\"https:\/\/www.dongminh.vn\/wp-content\/uploads\/2025\/02\/ag3.png\" class=\"attachment-medium size-medium\" alt=\"\" \/>\t\t\t\t\t<\/div>\n\t\t\t\t<\/div>\n\t\t\t<\/div>\n\t\t\t\t<div class=\"icon-box-text last-reset\">\n\t\t\t\t\t\t\t\t\t\n<h3><span class=\"ez-toc-section\" id=\"Persistence\"><\/span>Persistence<span class=\"ez-toc-section-end\"><\/span><\/h3>\n\t\t<\/div>\n\t<\/div>\n\t\n\t\n\t\t<\/div>\n\t\t\t\t\t<\/div>\n\n\t\n\n\t<div id=\"col-1504979276\" class=\"col medium-6 small-6 large-6\"  >\n\t\t\t\t<div class=\"col-inner\"  >\n\t\t\t\n\t\t\t\n\n\t\t<div class=\"icon-box featured-box abIbox icon-box-center text-center\"  >\n\t\t\t\t\t<div class=\"icon-box-img\" style=\"width: 85px\">\n\t\t\t\t<div class=\"icon\">\n\t\t\t\t\t<div class=\"icon-inner\" >\n\t\t\t\t\t\t<img loading=\"lazy\" decoding=\"async\" width=\"86\" height=\"78\" src=\"https:\/\/www.dongminh.vn\/wp-content\/uploads\/2025\/02\/ag4.png\" class=\"attachment-medium size-medium\" alt=\"\" \/>\t\t\t\t\t<\/div>\n\t\t\t\t<\/div>\n\t\t\t<\/div>\n\t\t\t\t<div class=\"icon-box-text last-reset\">\n\t\t\t\t\t\t\t\t\t\n<h3><span class=\"ez-toc-section\" id=\"Action\"><\/span>Action<span class=\"ez-toc-section-end\"><\/span><\/h3>\n\t\t<\/div>\n\t<\/div>\n\t\n\t\n\t\t<\/div>\n\t\t\t\t\t<\/div>\n\n\t\n<\/div>\n\t\t<\/div>\n\t\t\t\t\n<style>\n#col-827925403 > .col-inner {\n  padding: 20px 20px 20px 20px;\n  border-radius: 20px;\n}\n<\/style>\n\t<\/div>\n\n\t\n<\/div>\n\t<div id=\"gap-451955731\" class=\"gap-element clearfix\" style=\"display:block; height:auto;\">\n\t\t\n<style>\n#gap-451955731 {\n  padding-top: 10px;\n}\n<\/style>\n\t<\/div>\n\t\n\t\t<\/div>\n\n\t\t\n<style>\n#section_1882222770 {\n  padding-top: 0px;\n  padding-bottom: 0px;\n}\n<\/style>\n\t<\/section>\n\t\n\n\t<section class=\"section\" id=\"section_1316722739\">\n\t\t<div class=\"section-bg fill\" >\n\t\t\t\t\t\t\t\t\t\n\t\t\t\n\n\t\t<\/div>\n\n\t\t\n\n\t\t<div class=\"section-content relative\">\n\t\t\t\n\t<div id=\"gap-741533611\" class=\"gap-element clearfix\" style=\"display:block; height:auto;\">\n\t\t\n<style>\n#gap-741533611 {\n  padding-top: 0px;\n}\n<\/style>\n\t<\/div>\n\t\n<div class=\"row\"  id=\"row-1244201981\">\n\n\t<div id=\"col-2035618770\" class=\"col pagerHeadingDe1 small-12 large-12\"  >\n\t\t\t\t<div class=\"col-inner\"  >\n\t\t\t\n\t\t\t\n\t<div id=\"text-1380030219\" class=\"text\">\n\t\t\n<h2 class=\"font-space text-space-heading-5 lg:text-space-heading-3 text-neutral-13 font-bold\"><span class=\"ez-toc-section\" id=\"Achievements\"><\/span>Achievements<span class=\"ez-toc-section-end\"><\/span><\/h2>\n\t\t\n<style>\n#text-1380030219 {\n  text-align: center;\n}\n<\/style>\n\t<\/div>\n\t\n\t\t<\/div>\n\t\t\t\t\t<\/div>\n\n\t\n<\/div>\n\t<div id=\"gap-27186401\" class=\"gap-element clearfix\" style=\"display:block; height:auto;\">\n\t\t\n<style>\n#gap-27186401 {\n  padding-top: 30px;\n}\n<\/style>\n\t<\/div>\n\t\n\n  \n    <div class=\"row gCourse large-columns-4 medium-columns-3 small-columns-2\" >\n  <div class=\"gallery-col col\" >\n          <div class=\"col-inner\">\n            <a class=\"image-lightbox lightbox-gallery\" href=\"https:\/\/www.dongminh.vn\/wp-content\/uploads\/2025\/04\/TOP-10-Thuong-Hieu-Vang-1.png\" title=\"TOP 10 GOLDEN BRANDS 2019\">            <div class=\"box has-hover gallery-box box-default\">\n              <div class=\"box-image\" >\n                <img loading=\"lazy\" decoding=\"async\" width=\"900\" height=\"1200\" src=\"https:\/\/www.dongminh.vn\/wp-content\/uploads\/2025\/04\/TOP-10-Thuong-Hieu-Vang-1.png\" class=\"gCourse\" alt=\"TOP 10 THUONG HI\u1ec6U V\u00c0NG\nN\u0102M 2019\" ids=\"3285,3282,3288\" style=\"default\" lightbox_image_size=\"original\" image_size=\"original\" text_align=\"center\" srcset=\"https:\/\/www.dongminh.vn\/wp-content\/uploads\/2025\/04\/TOP-10-Thuong-Hieu-Vang-1.png 900w, https:\/\/www.dongminh.vn\/wp-content\/uploads\/2025\/04\/TOP-10-Thuong-Hieu-Vang-1-300x400.png 300w, https:\/\/www.dongminh.vn\/wp-content\/uploads\/2025\/04\/TOP-10-Thuong-Hieu-Vang-1-600x800.png 600w, https:\/\/www.dongminh.vn\/wp-content\/uploads\/2025\/04\/TOP-10-Thuong-Hieu-Vang-1-768x1024.png 768w\" sizes=\"auto, (max-width: 900px) 100vw, 900px\" \/>                                                              <\/div>\n              <div class=\"box-text text-center\" >\n                 <p>TOP 10 GOLDEN BRANDS 2019<\/p>\n              <\/div>\n            <\/div>\n            <\/a>          <\/div>\n         <\/div><div class=\"gallery-col col\" >\n          <div class=\"col-inner\">\n            <a class=\"image-lightbox lightbox-gallery\" href=\"https:\/\/www.dongminh.vn\/wp-content\/uploads\/2025\/03\/ALLY-ASEAN-2024.png\" title=\"TOP 10 STRONGEST BRANDS IN SOUTHEAST ASIA IN 2024\">            <div class=\"box has-hover gallery-box box-default\">\n              <div class=\"box-image\" >\n                <img loading=\"lazy\" decoding=\"async\" width=\"900\" height=\"1200\" src=\"https:\/\/www.dongminh.vn\/wp-content\/uploads\/2025\/03\/ALLY-ASEAN-2024.png\" class=\"gCourse\" alt=\"Top 10 th\u01b0\u01a1ng hi\u1ec7u m\u1ea1nh \u0110\u00f4ng Nam \u00c1 n\u0103m 2024\" ids=\"3285,3282,3288\" style=\"default\" lightbox_image_size=\"original\" image_size=\"original\" text_align=\"center\" srcset=\"https:\/\/www.dongminh.vn\/wp-content\/uploads\/2025\/03\/ALLY-ASEAN-2024.png 900w, https:\/\/www.dongminh.vn\/wp-content\/uploads\/2025\/03\/ALLY-ASEAN-2024-300x400.png 300w, https:\/\/www.dongminh.vn\/wp-content\/uploads\/2025\/03\/ALLY-ASEAN-2024-600x800.png 600w, https:\/\/www.dongminh.vn\/wp-content\/uploads\/2025\/03\/ALLY-ASEAN-2024-768x1024.png 768w\" sizes=\"auto, (max-width: 900px) 100vw, 900px\" \/>                                                              <\/div>\n              <div class=\"box-text text-center\" >\n                 <p>TOP 10 STRONGEST BRANDS IN SOUTHEAST ASIA IN 2024<\/p>\n              <\/div>\n            <\/div>\n            <\/a>          <\/div>\n         <\/div><div class=\"gallery-col col\" >\n          <div class=\"col-inner\">\n            <a class=\"image-lightbox lightbox-gallery\" href=\"https:\/\/www.dongminh.vn\/wp-content\/uploads\/2025\/04\/TOP-10-THUONG-HIEU-TIEU-BIEU-CHAU-A-THAI-BINH-DUONG.png\" title=\"TOP 10 ASIA-PACIFIC OUTSTANDING BRANDS 2025\">            <div class=\"box has-hover gallery-box box-default\">\n              <div class=\"box-image\" >\n                <img loading=\"lazy\" decoding=\"async\" width=\"900\" height=\"1200\" src=\"https:\/\/www.dongminh.vn\/wp-content\/uploads\/2025\/04\/TOP-10-THUONG-HIEU-TIEU-BIEU-CHAU-A-THAI-BINH-DUONG.png\" class=\"gCourse\" alt=\"TOP 10 TH\u01af\u01a0NG HI\u1ec6U TI\u00caU BI\u1ec2U CH\u00c2U \u00c1 - TH\u00c1I B\u00ccNH D\u01af\u01a0NG N\u0103m 2025\" ids=\"3285,3282,3288\" style=\"default\" lightbox_image_size=\"original\" image_size=\"original\" text_align=\"center\" srcset=\"https:\/\/www.dongminh.vn\/wp-content\/uploads\/2025\/04\/TOP-10-THUONG-HIEU-TIEU-BIEU-CHAU-A-THAI-BINH-DUONG.png 900w, https:\/\/www.dongminh.vn\/wp-content\/uploads\/2025\/04\/TOP-10-THUONG-HIEU-TIEU-BIEU-CHAU-A-THAI-BINH-DUONG-300x400.png 300w, https:\/\/www.dongminh.vn\/wp-content\/uploads\/2025\/04\/TOP-10-THUONG-HIEU-TIEU-BIEU-CHAU-A-THAI-BINH-DUONG-600x800.png 600w, https:\/\/www.dongminh.vn\/wp-content\/uploads\/2025\/04\/TOP-10-THUONG-HIEU-TIEU-BIEU-CHAU-A-THAI-BINH-DUONG-768x1024.png 768w\" sizes=\"auto, (max-width: 900px) 100vw, 900px\" \/>                                                              <\/div>\n              <div class=\"box-text text-center\" >\n                 <p>TOP 10 ASIA-PACIFIC OUTSTANDING BRANDS 2025<\/p>\n              <\/div>\n            <\/div>\n            <\/a>          <\/div>\n         <\/div><\/div>\n\t<div id=\"gap-514976738\" class=\"gap-element clearfix\" style=\"display:block; height:auto;\">\n\t\t\n<style>\n#gap-514976738 {\n  padding-top: 40px;\n}\n<\/style>\n\t<\/div>\n\t\n\t\t<\/div>\n\n\t\t\n<style>\n#section_1316722739 {\n  padding-top: 0px;\n  padding-bottom: 0px;\n}\n<\/style>\n\t<\/section>\n\t\n","protected":false},"excerpt":{"rendered":"","protected":false},"author":1,"featured_media":0,"parent":0,"menu_order":0,"comment_status":"closed","ping_status":"closed","template":"page-blank.php","meta":{"footnotes":""},"class_list":["post-3177","page","type-page","status-publish","hentry"],"acf":[],"yoast_head":"<!-- This site is optimized with the Yoast SEO plugin v24.1 - https:\/\/yoast.com\/wordpress\/plugins\/seo\/ -->\n<title>About us - \u0110\u1ed2NG MINH<\/title>\n<meta name=\"robots\" content=\"index, follow, max-snippet:-1, max-image-preview:large, max-video-preview:-1\" \/>\n<link rel=\"canonical\" href=\"https:\/\/dongminh.vn\/en\/about-us\/\" \/>\n<meta property=\"og:locale\" content=\"en_US\" \/>\n<meta property=\"og:type\" content=\"article\" \/>\n<meta property=\"og:title\" content=\"About us - \u0110\u1ed2NG MINH\" \/>\n<meta property=\"og:url\" content=\"https:\/\/dongminh.vn\/en\/about-us\/\" \/>\n<meta property=\"og:site_name\" content=\"\u0110\u1ed2NG MINH\" \/>\n<meta property=\"article:modified_time\" content=\"2025-06-06T09:01:54+00:00\" \/>\n<meta name=\"twitter:card\" content=\"summary_large_image\" \/>\n<meta name=\"twitter:label1\" content=\"Est. reading time\" \/>\n\t<meta name=\"twitter:data1\" content=\"3 minutes\" \/>\n<script type=\"application\/ld+json\" class=\"yoast-schema-graph\">{\"@context\":\"https:\/\/schema.org\",\"@graph\":[{\"@type\":\"WebPage\",\"@id\":\"https:\/\/dongminh.vn\/en\/about-us\/\",\"url\":\"https:\/\/dongminh.vn\/en\/about-us\/\",\"name\":\"About us - \u0110\u1ed2NG MINH\",\"isPartOf\":{\"@id\":\"https:\/\/dongminh.vn\/#website\"},\"datePublished\":\"2025-01-03T09:17:31+00:00\",\"dateModified\":\"2025-06-06T09:01:54+00:00\",\"breadcrumb\":{\"@id\":\"https:\/\/dongminh.vn\/en\/about-us\/#breadcrumb\"},\"inLanguage\":\"en-US\",\"potentialAction\":[{\"@type\":\"ReadAction\",\"target\":[\"https:\/\/dongminh.vn\/en\/about-us\/\"]}]},{\"@type\":\"BreadcrumbList\",\"@id\":\"https:\/\/dongminh.vn\/en\/about-us\/#breadcrumb\",\"itemListElement\":[{\"@type\":\"ListItem\",\"position\":1,\"name\":\"Trang ch\u1ee7\",\"item\":\"https:\/\/ally.tamnghiathemes.com\/en\/\"},{\"@type\":\"ListItem\",\"position\":2,\"name\":\"About us\"}]},{\"@type\":\"WebSite\",\"@id\":\"https:\/\/dongminh.vn\/#website\",\"url\":\"https:\/\/dongminh.vn\/\",\"name\":\"\u0110\u1ed2NG MINH\",\"description\":\"\",\"potentialAction\":[{\"@type\":\"SearchAction\",\"target\":{\"@type\":\"EntryPoint\",\"urlTemplate\":\"https:\/\/dongminh.vn\/?s={search_term_string}\"},\"query-input\":{\"@type\":\"PropertyValueSpecification\",\"valueRequired\":true,\"valueName\":\"search_term_string\"}}],\"inLanguage\":\"en-US\"}]}<\/script>\n<!-- \/ Yoast SEO plugin. -->","yoast_head_json":{"title":"About us - \u0110\u1ed2NG MINH","robots":{"index":"index","follow":"follow","max-snippet":"max-snippet:-1","max-image-preview":"max-image-preview:large","max-video-preview":"max-video-preview:-1"},"canonical":"https:\/\/dongminh.vn\/en\/about-us\/","og_locale":"en_US","og_type":"article","og_title":"About us - \u0110\u1ed2NG MINH","og_url":"https:\/\/dongminh.vn\/en\/about-us\/","og_site_name":"\u0110\u1ed2NG MINH","article_modified_time":"2025-06-06T09:01:54+00:00","twitter_card":"summary_large_image","twitter_misc":{"Est. reading time":"3 minutes"},"schema":{"@context":"https:\/\/schema.org","@graph":[{"@type":"WebPage","@id":"https:\/\/dongminh.vn\/en\/about-us\/","url":"https:\/\/dongminh.vn\/en\/about-us\/","name":"About us - \u0110\u1ed2NG MINH","isPartOf":{"@id":"https:\/\/dongminh.vn\/#website"},"datePublished":"2025-01-03T09:17:31+00:00","dateModified":"2025-06-06T09:01:54+00:00","breadcrumb":{"@id":"https:\/\/dongminh.vn\/en\/about-us\/#breadcrumb"},"inLanguage":"en-US","potentialAction":[{"@type":"ReadAction","target":["https:\/\/dongminh.vn\/en\/about-us\/"]}]},{"@type":"BreadcrumbList","@id":"https:\/\/dongminh.vn\/en\/about-us\/#breadcrumb","itemListElement":[{"@type":"ListItem","position":1,"name":"Trang ch\u1ee7","item":"https:\/\/ally.tamnghiathemes.com\/en\/"},{"@type":"ListItem","position":2,"name":"About us"}]},{"@type":"WebSite","@id":"https:\/\/dongminh.vn\/#website","url":"https:\/\/dongminh.vn\/","name":"\u0110\u1ed2NG MINH","description":"","potentialAction":[{"@type":"SearchAction","target":{"@type":"EntryPoint","urlTemplate":"https:\/\/dongminh.vn\/?s={search_term_string}"},"query-input":{"@type":"PropertyValueSpecification","valueRequired":true,"valueName":"search_term_string"}}],"inLanguage":"en-US"}]}},"_links":{"self":[{"href":"https:\/\/www.dongminh.vn\/en\/wp-json\/wp\/v2\/pages\/3177","targetHints":{"allow":["GET"]}}],"collection":[{"href":"https:\/\/www.dongminh.vn\/en\/wp-json\/wp\/v2\/pages"}],"about":[{"href":"https:\/\/www.dongminh.vn\/en\/wp-json\/wp\/v2\/types\/page"}],"author":[{"embeddable":true,"href":"https:\/\/www.dongminh.vn\/en\/wp-json\/wp\/v2\/users\/1"}],"replies":[{"embeddable":true,"href":"https:\/\/www.dongminh.vn\/en\/wp-json\/wp\/v2\/comments?post=3177"}],"version-history":[{"count":8,"href":"https:\/\/www.dongminh.vn\/en\/wp-json\/wp\/v2\/pages\/3177\/revisions"}],"predecessor-version":[{"id":3639,"href":"https:\/\/www.dongminh.vn\/en\/wp-json\/wp\/v2\/pages\/3177\/revisions\/3639"}],"wp:attachment":[{"href":"https:\/\/www.dongminh.vn\/en\/wp-json\/wp\/v2\/media?parent=3177"}],"curies":[{"name":"wp","href":"https:\/\/api.w.org\/{rel}","templated":true}]}}